
{"id":903,"date":"2022-04-27T13:51:30","date_gmt":"2022-04-27T16:51:30","guid":{"rendered":"https:\/\/www.bolzanobrasil.com\/?page_id=903"},"modified":"2022-08-26T13:59:09","modified_gmt":"2022-08-26T16:59:09","slug":"hidrofugados","status":"publish","type":"page","link":"https:\/\/www.bolzanobrasil.com\/pt-br\/produtos-ls\/hidrofugados\/","title":{"rendered":"Hidrofugados"},"content":{"rendered":"\t\t<div data-elementor-type=\"wp-page\" data-elementor-id=\"903\" class=\"elementor elementor-903\">\n\t\t\t\t\t\t\t\t\t<section class=\"elementor-section elementor-top-section elementor-element elementor-element-2611a96e elementor-section-boxed elementor-section-height-default elementor-section-height-default\" data-id=\"2611a96e\" data-element_type=\"section\" data-settings=\"{&quot;background_background&quot;:&quot;classic&quot;,&quot;tmea_shape_divider_top&quot;:&quot;none&quot;,&quot;tmea_shape_divider_bottom&quot;:&quot;none&quot;}\">\n\t\t\t\t\t\t<div class=\"elementor-container elementor-column-gap-default\">\n\t\t\t\t\t<div class=\"elementor-column elementor-col-50 elementor-top-column elementor-element elementor-element-38befcfa\" data-id=\"38befcfa\" data-element_type=\"column\">\n\t\t\t<div class=\"elementor-widget-wrap elementor-element-populated\">\n\t\t\t\t\t\t\t\t<div class=\"elementor-element elementor-element-6a79b306 elementor-widget elementor-widget-heading\" data-id=\"6a79b306\" data-element_type=\"widget\" data-widget_type=\"heading.default\">\n\t\t\t\t<div class=\"elementor-widget-container\">\n\t\t\t<h2 class=\"elementor-heading-title elementor-size-default\">Hidrofugados<\/h2>\t\t<\/div>\n\t\t\t\t<\/div>\n\t\t\t\t\t<\/div>\n\t\t<\/div>\n\t\t\t\t<div class=\"elementor-column elementor-col-50 elementor-top-column elementor-element elementor-element-7fb9577\" data-id=\"7fb9577\" data-element_type=\"column\">\n\t\t\t<div class=\"elementor-widget-wrap elementor-element-populated\">\n\t\t\t\t\t\t\t\t<div class=\"elementor-element elementor-element-4e05cd22 elementor-widget elementor-widget-text-editor\" data-id=\"4e05cd22\" data-element_type=\"widget\" data-widget_type=\"text-editor.default\">\n\t\t\t\t<div class=\"elementor-widget-container\">\n\t\t\t\t\t\t\tCouros t\u00e9cnicos produzidos com \u00f3leos hidrofugantes que visam atingir um grau espec\u00edfico de repel\u00eancia e resist\u00eancia \u00e0 \u00e1gua\n\t\t\t\t\t\t<\/div>\n\t\t\t\t<\/div>\n\t\t\t\t\t<\/div>\n\t\t<\/div>\n\t\t\t\t\t\t\t<\/div>\n\t\t<\/section>\n\t\t\t\t<section class=\"elementor-section elementor-top-section elementor-element elementor-element-658705bc elementor-section-boxed elementor-section-height-default elementor-section-height-default\" data-id=\"658705bc\" data-element_type=\"section\" data-settings=\"{&quot;tmea_shape_divider_top&quot;:&quot;none&quot;,&quot;tmea_shape_divider_bottom&quot;:&quot;none&quot;}\">\n\t\t\t\t\t\t<div class=\"elementor-container elementor-column-gap-default\">\n\t\t\t\t\t<div class=\"elementor-column elementor-col-100 elementor-top-column elementor-element elementor-element-574c92ca\" data-id=\"574c92ca\" data-element_type=\"column\">\n\t\t\t<div class=\"elementor-widget-wrap elementor-element-populated\">\n\t\t\t\t\t\t\t\t<div class=\"elementor-element elementor-element-ddbdc4b elementor-widget elementor-widget-tme-woo_masonry\" data-id=\"ddbdc4b\" data-element_type=\"widget\" data-widget_type=\"tme-woo_masonry.default\">\n\t\t\t\t<div class=\"elementor-widget-container\">\n\t\t\t        <div id=\"tme-posts-ddbdc4b\" class=\"tme-masonry-grid\">\n            <div class=\"tme-three-columns\" data-columns>\n                                <div class=\"tme-masonry-item\">\n                    <div class=\"tme-posts-card tme-posts-bg-img\">\n                                                             \n                    <div class=\"tme-posts-card-img-wrapper \">  \n                        <a class=\"tme-posts-card-featured-img elementor-animation-\" href=\"https:\/\/www.bolzanobrasil.com\/pt-br\/produto\/44-wp-2\/\">\n                            <img decoding=\"async\" src=\"https:\/\/www.bolzanobrasil.com\/wp-content\/uploads\/2022\/04\/44_WP_-_Black_-_ESSENTIALS.jpg\" alt=\"44 WP\" \/>  \n                                                         \n                        <\/a>    \n                    <\/div>     \n                        \n                         \n                                            <div class=\"tme-posts-card-body-wrapper\">\n                        <div class=\"tme-posts-card-body-wrapper-inner\">\n                                                    <a class=\"tme-posts-card-body-url\" href=\"https:\/\/www.bolzanobrasil.com\/pt-br\/produto\/44-wp-2\/\"><\/a>\n                            \n                        <div class=\"tme-posts-card-body\">\n                                                        <h3 class=\"tme-posts-card-title \"><a href=\"https:\/\/www.bolzanobrasil.com\/pt-br\/produto\/44-wp-2\/\">44 WP<\/a><\/h3>\n                            <p class=\"product woocommerce add_to_cart_inline tmebtn tmebtn-primary\" style=\"\"><a href=\"https:\/\/www.bolzanobrasil.com\/pt-br\/produto\/44-wp-2\/\" data-quantity=\"1\" class=\"button product_type_simple\" data-product_id=\"1399\" data-product_sku=\"\" aria-label=\"Leia mais sobre &ldquo;44 WP&rdquo;\" rel=\"nofollow\">Leia mais<\/a><\/p>  \n                        <\/div>\n                        <\/div>\n                        <\/div>\n                    <\/div> \n                <\/div>\n                                <div class=\"tme-masonry-item\">\n                    <div class=\"tme-posts-card tme-posts-bg-img\">\n                                                             \n                    <div class=\"tme-posts-card-img-wrapper \">  \n                        <a class=\"tme-posts-card-featured-img elementor-animation-\" href=\"https:\/\/www.bolzanobrasil.com\/pt-br\/produto\/conan-wp-2\/\">\n                            <img decoding=\"async\" src=\"https:\/\/www.bolzanobrasil.com\/wp-content\/uploads\/2022\/04\/Conan_WP_-_Black_-_ESSENTIALS.jpg\" alt=\"Conan WP\" \/>  \n                                                         \n                        <\/a>    \n                    <\/div>     \n                        \n                         \n                                            <div class=\"tme-posts-card-body-wrapper\">\n                        <div class=\"tme-posts-card-body-wrapper-inner\">\n                                                    <a class=\"tme-posts-card-body-url\" href=\"https:\/\/www.bolzanobrasil.com\/pt-br\/produto\/conan-wp-2\/\"><\/a>\n                            \n                        <div class=\"tme-posts-card-body\">\n                                                        <h3 class=\"tme-posts-card-title \"><a href=\"https:\/\/www.bolzanobrasil.com\/pt-br\/produto\/conan-wp-2\/\">Conan WP<\/a><\/h3>\n                            <p class=\"product woocommerce add_to_cart_inline tmebtn tmebtn-primary\" style=\"\"><a href=\"https:\/\/www.bolzanobrasil.com\/pt-br\/produto\/conan-wp-2\/\" data-quantity=\"1\" class=\"button product_type_simple\" data-product_id=\"1398\" data-product_sku=\"\" aria-label=\"Leia mais sobre &ldquo;Conan WP&rdquo;\" rel=\"nofollow\">Leia mais<\/a><\/p>  \n                        <\/div>\n                        <\/div>\n                        <\/div>\n                    <\/div> \n                <\/div>\n                                <div class=\"tme-masonry-item\">\n                    <div class=\"tme-posts-card tme-posts-bg-img\">\n                                                             \n                    <div class=\"tme-posts-card-img-wrapper \">  \n                        <a class=\"tme-posts-card-featured-img elementor-animation-\" href=\"https:\/\/www.bolzanobrasil.com\/pt-br\/produto\/nubuck-smooth-2\/\">\n                            <img decoding=\"async\" src=\"https:\/\/www.bolzanobrasil.com\/wp-content\/uploads\/2022\/04\/Nubuck_Smooth_WP_-_Black_-_ESSENTIALS.jpg\" alt=\"Nubuck Smooth\" \/>  \n                                                         \n                        <\/a>    \n                    <\/div>     \n                        \n                         \n                                            <div class=\"tme-posts-card-body-wrapper\">\n                        <div class=\"tme-posts-card-body-wrapper-inner\">\n                                                    <a class=\"tme-posts-card-body-url\" href=\"https:\/\/www.bolzanobrasil.com\/pt-br\/produto\/nubuck-smooth-2\/\"><\/a>\n                            \n                        <div class=\"tme-posts-card-body\">\n                                                        <h3 class=\"tme-posts-card-title \"><a href=\"https:\/\/www.bolzanobrasil.com\/pt-br\/produto\/nubuck-smooth-2\/\">Nubuck Smooth<\/a><\/h3>\n                            <p class=\"product woocommerce add_to_cart_inline tmebtn tmebtn-primary\" style=\"\"><a href=\"https:\/\/www.bolzanobrasil.com\/pt-br\/produto\/nubuck-smooth-2\/\" data-quantity=\"1\" class=\"button product_type_simple\" data-product_id=\"1397\" data-product_sku=\"\" aria-label=\"Leia mais sobre &ldquo;Nubuck Smooth&rdquo;\" rel=\"nofollow\">Leia mais<\/a><\/p>  \n                        <\/div>\n                        <\/div>\n                        <\/div>\n                    <\/div> \n                <\/div>\n                                <div class=\"tme-masonry-item\">\n                    <div class=\"tme-posts-card tme-posts-bg-img\">\n                                                             \n                    <div class=\"tme-posts-card-img-wrapper \">  \n                        <a class=\"tme-posts-card-featured-img elementor-animation-\" href=\"https:\/\/www.bolzanobrasil.com\/pt-br\/produto\/walt-wp\/\">\n                            <img decoding=\"async\" src=\"https:\/\/www.bolzanobrasil.com\/wp-content\/uploads\/2022\/04\/Walt_WP_-_Deep_Navy_-_ESSENTIALS.jpg\" alt=\"Walt WP\" \/>  \n                                                         \n                        <\/a>    \n                    <\/div>     \n                        \n                         \n                                            <div class=\"tme-posts-card-body-wrapper\">\n                        <div class=\"tme-posts-card-body-wrapper-inner\">\n                                                    <a class=\"tme-posts-card-body-url\" href=\"https:\/\/www.bolzanobrasil.com\/pt-br\/produto\/walt-wp\/\"><\/a>\n                            \n                        <div class=\"tme-posts-card-body\">\n                                                        <h3 class=\"tme-posts-card-title \"><a href=\"https:\/\/www.bolzanobrasil.com\/pt-br\/produto\/walt-wp\/\">Walt WP<\/a><\/h3>\n                            <p class=\"product woocommerce add_to_cart_inline tmebtn tmebtn-primary\" style=\"\"><a href=\"https:\/\/www.bolzanobrasil.com\/pt-br\/produto\/walt-wp\/\" data-quantity=\"1\" class=\"button product_type_simple\" data-product_id=\"1396\" data-product_sku=\"\" aria-label=\"Leia mais sobre &ldquo;Walt WP&rdquo;\" rel=\"nofollow\">Leia mais<\/a><\/p>  \n                        <\/div>\n                        <\/div>\n                        <\/div>\n                    <\/div> \n                <\/div>\n                            <\/div>\n        <\/div>\n        <div class=\"tme-clear\"><\/div>\n              \n                <style type=\"text\/css\">\n                        @media screen and (min-width: 2px) {\n                                #tme-posts-ddbdc4b .tme-posts-card-cats {\n                    display: block !important;\n                }\n                                                #tme-posts-ddbdc4b .tme-posts-excerpt {\n                    display: block !important;\n                }\n                            }\n            @media only screen and (max-width: 1px) {\n                                #tme-posts-ddbdc4b .tme-posts-card-cats {\n                    display: block !important;\n                }\n                                                #tme-posts-ddbdc4b .tme-posts-excerpt {\n                    display: block !important;\n                }\n                            }\n            @media screen and (max-width: 1px) {\n                                #tme-posts-ddbdc4b .tme-posts-card-cats {\n                    display: block !important;\n                }\n                                                #tme-posts-ddbdc4b .tme-posts-excerpt {\n                    display: block !important;\n                }\n                            }\n        <\/style>\n\t\t\t<\/div>\n\t\t\t\t<\/div>\n\t\t\t\t\t<\/div>\n\t\t<\/div>\n\t\t\t\t\t\t\t<\/div>\n\t\t<\/section>\n\t\t\t\t\t\t\t<\/div>\n\t\t","protected":false},"excerpt":{"rendered":"<p>Hidrofugados Couros t\u00e9cnicos produzidos com \u00f3leos hidrofugantes que visam atingir um grau espec\u00edfico de repel\u00eancia e resist\u00eancia \u00e0 \u00e1gua 44 WP Read more Conan WP Read more Nubuck Smooth Read more Walt WP Read more<\/p>\n","protected":false},"author":1,"featured_media":0,"parent":921,"menu_order":0,"comment_status":"closed","ping_status":"closed","template":"","meta":{"footnotes":""},"class_list":["post-903","page","type-page","status-publish","hentry"],"_links":{"self":[{"href":"https:\/\/www.bolzanobrasil.com\/pt-br\/wp-json\/wp\/v2\/pages\/903"}],"collection":[{"href":"https:\/\/www.bolzanobrasil.com\/pt-br\/wp-json\/wp\/v2\/pages"}],"about":[{"href":"https:\/\/www.bolzanobrasil.com\/pt-br\/wp-json\/wp\/v2\/types\/page"}],"author":[{"embeddable":true,"href":"https:\/\/www.bolzanobrasil.com\/pt-br\/wp-json\/wp\/v2\/users\/1"}],"replies":[{"embeddable":true,"href":"https:\/\/www.bolzanobrasil.com\/pt-br\/wp-json\/wp\/v2\/comments?post=903"}],"version-history":[{"count":13,"href":"https:\/\/www.bolzanobrasil.com\/pt-br\/wp-json\/wp\/v2\/pages\/903\/revisions"}],"predecessor-version":[{"id":1923,"href":"https:\/\/www.bolzanobrasil.com\/pt-br\/wp-json\/wp\/v2\/pages\/903\/revisions\/1923"}],"up":[{"embeddable":true,"href":"https:\/\/www.bolzanobrasil.com\/pt-br\/wp-json\/wp\/v2\/pages\/921"}],"wp:attachment":[{"href":"https:\/\/www.bolzanobrasil.com\/pt-br\/wp-json\/wp\/v2\/media?parent=903"}],"curies":[{"name":"wp","href":"https:\/\/api.w.org\/{rel}","templated":true}]}}